{"id":12140,"date":"2022-12-30T10:28:29","date_gmt":"2022-12-30T08:28:29","guid":{"rendered":"https:\/\/alisters-travel.com\/hoteluri\/aldiana-club-hochkonig-4\/"},"modified":"2026-01-15T15:43:44","modified_gmt":"2026-01-15T13:43:44","slug":"aldiana-club-hochkonig-4","status":"publish","type":"product","link":"https:\/\/alisters-travel.com\/en\/hotels\/aldiana-club-hochkonig-4\/","title":{"rendered":"Aldiana Club Hochk\u00f6nig 4*"},"content":{"rendered":"<p>Hochk\u00f6nig is calling&#8230; are you ready for winter break? In this club resort you have reached the top of the Hochk\u00f6nig massif which unites the highest mountains in the region. Right at its foot is the Aldiana Club Hochk\u00f6nig at 1,000 meters in a panoramic position, surrounded by mountains, meadows and forests.<\/p>\n<table class=\"tours-tabs_table\">\n<tbody>\n<tr>\n<td><strong>LOCATION<\/strong><\/td>\n<td>M\u00fchlbach am Hochk\u00f6nig, Salzburg, Austria<\/td>\n<\/tr>\n<tr>\n<td><strong>OFFER<\/strong><\/td>\n<td>7 nights stay in a double room Family, half board plus included<\/td>\n<\/tr>\n<tr>\n<td><strong>PRICE<\/strong><\/td>\n<td><strong>from 1.740 EUR \/ person, in double room occupancy<\/strong><br \/>\n<strong><span style=\"color: #8c4194;\">Valid for stays from 17.02.2026- 24.02.2026<\/span><\/strong><\/td>\n<\/tr>\n<\/tbody>\n<\/table>\n<p>The club is the ideal starting point for fresh air activities like skiing or snowboarding, cross-country skiing, sleddingas well as hiking or cyclism in the summertime. The good mountain air is always a reliable companion, and the appetite comes naturally.<\/p>\n<p>Club guests can take the free shuttle bus directly to the lift in just a few minutes and look forward to guaranteed snow on 120 kilometers of slopes in the Hochk\u00f6nig ski area, part of the Ski amad\u00e9.<\/p>\n<p>Club Highlights:<\/p>\n<ul>\n<li>skiing<\/li>\n<li>snowboarding<\/li>\n<li>mountain huts<\/li>\n<li>culinary delicacies<\/li>\n<li>impressive mountain panorama<\/li>\n<\/ul>\n<p>The club has an indoor pool with whirlpool, panorama restaurant, various bars, piazza with theater, nightclub Blue Dolphin, conference facilities, Welldiana Club Spa, various \u00a0sports facilities. Free WiFi throughout the club.<\/p>\n","protected":false},"excerpt":{"rendered":"<p>Accommodation in a double room Family, including halfboard plus<\/p>\n","protected":false},"featured_media":12119,"template":"","meta":{"_acf_changed":false},"product_brand":[],"product_cat":[71,67],"product_tag":[],"class_list":{"0":"post-12140","1":"product","2":"type-product","3":"status-publish","4":"has-post-thumbnail","6":"categorie-destinatie-recomandari-en","7":"categorie-destinatie-iarna-en","8":"product_cat-austria-en","9":"product_cat-europe","11":"first","12":"instock","13":"featured","14":"shipping-taxable","15":"purchasable","16":"product-type-simple"},"acf":[],"yoast_head":"<!-- This site is optimized with the Yoast SEO plugin v26.6 - https:\/\/yoast.com\/wordpress\/plugins\/seo\/ -->\n<title>Aldiana Club Hochk\u00f6nig 4* - A-Listers Travel<\/title>\n<meta name=\"description\" content=\"Aldiana Club Hochk\u00f6nig 4*. 7 nights stay in double room Family, half board plus included. From 1.740 EUR \/ person, in double room occupancy\" \/>\n<meta name=\"robots\" content=\"index, follow, max-snippet:-1, max-image-preview:large, max-video-preview:-1\" \/>\n<link rel=\"canonical\" href=\"https:\/\/alisters-travel.com\/en\/hotels\/aldiana-club-hochkonig-4\/\" \/>\n<meta property=\"og:locale\" content=\"en_US\" \/>\n<meta property=\"og:type\" content=\"article\" \/>\n<meta property=\"og:title\" content=\"Aldiana Club Hochk\u00f6nig 4* - A-Listers Travel\" \/>\n<meta property=\"og:description\" content=\"Aldiana Club Hochk\u00f6nig 4*. 7 nights stay in double room Family, half board plus included. From 1.740 EUR \/ person, in double room occupancy\" \/>\n<meta property=\"og:url\" content=\"https:\/\/alisters-travel.com\/en\/hotels\/aldiana-club-hochkonig-4\/\" \/>\n<meta property=\"og:site_name\" content=\"A-Listers Travel\" \/>\n<meta property=\"article:modified_time\" content=\"2026-01-15T13:43:44+00:00\" \/>\n<meta property=\"og:image\" content=\"https:\/\/alisters-travel.com\/wp-content\/uploads\/1.Aldiana_Club_Hochkonig-min.jpg\" \/>\n\t<meta property=\"og:image:width\" content=\"800\" \/>\n\t<meta property=\"og:image:height\" content=\"533\" \/>\n\t<meta property=\"og:image:type\" content=\"image\/jpeg\" \/>\n<meta name=\"twitter:card\" content=\"summary_large_image\" \/>\n<meta name=\"twitter:label1\" content=\"Est. reading time\" \/>\n\t<meta name=\"twitter:data1\" content=\"2 minutes\" \/>\n<script type=\"application\/ld+json\" class=\"yoast-schema-graph\">{\"@context\":\"https:\/\/schema.org\",\"@graph\":[{\"@type\":\"WebPage\",\"@id\":\"https:\/\/alisters-travel.com\/en\/hotels\/aldiana-club-hochkonig-4\/\",\"url\":\"https:\/\/alisters-travel.com\/en\/hotels\/aldiana-club-hochkonig-4\/\",\"name\":\"Aldiana Club Hochk\u00f6nig 4* - A-Listers Travel\",\"isPartOf\":{\"@id\":\"https:\/\/alisters-travel.com\/en\/#website\"},\"primaryImageOfPage\":{\"@id\":\"https:\/\/alisters-travel.com\/en\/hotels\/aldiana-club-hochkonig-4\/#primaryimage\"},\"image\":{\"@id\":\"https:\/\/alisters-travel.com\/en\/hotels\/aldiana-club-hochkonig-4\/#primaryimage\"},\"thumbnailUrl\":\"https:\/\/alisters-travel.com\/wp-content\/uploads\/1.Aldiana_Club_Hochkonig-min.jpg\",\"datePublished\":\"2022-12-30T08:28:29+00:00\",\"dateModified\":\"2026-01-15T13:43:44+00:00\",\"description\":\"Aldiana Club Hochk\u00f6nig 4*. 7 nights stay in double room Family, half board plus included. From 1.740 EUR \/ person, in double room occupancy\",\"breadcrumb\":{\"@id\":\"https:\/\/alisters-travel.com\/en\/hotels\/aldiana-club-hochkonig-4\/#breadcrumb\"},\"inLanguage\":\"en-US\",\"potentialAction\":[{\"@type\":\"ReadAction\",\"target\":[\"https:\/\/alisters-travel.com\/en\/hotels\/aldiana-club-hochkonig-4\/\"]}]},{\"@type\":\"ImageObject\",\"inLanguage\":\"en-US\",\"@id\":\"https:\/\/alisters-travel.com\/en\/hotels\/aldiana-club-hochkonig-4\/#primaryimage\",\"url\":\"https:\/\/alisters-travel.com\/wp-content\/uploads\/1.Aldiana_Club_Hochkonig-min.jpg\",\"contentUrl\":\"https:\/\/alisters-travel.com\/wp-content\/uploads\/1.Aldiana_Club_Hochkonig-min.jpg\",\"width\":800,\"height\":533,\"caption\":\"Aldiana Club Hochk\u00f6nig 4 *\"},{\"@type\":\"BreadcrumbList\",\"@id\":\"https:\/\/alisters-travel.com\/en\/hotels\/aldiana-club-hochkonig-4\/#breadcrumb\",\"itemListElement\":[{\"@type\":\"ListItem\",\"position\":1,\"name\":\"Home\",\"item\":\"https:\/\/alisters-travel.com\/en\/\"},{\"@type\":\"ListItem\",\"position\":2,\"name\":\"Hoteluri\",\"item\":\"https:\/\/alisters-travel.com\/en\/hotels\/\"},{\"@type\":\"ListItem\",\"position\":3,\"name\":\"Aldiana Club Hochk\u00f6nig 4*\"}]},{\"@type\":\"WebSite\",\"@id\":\"https:\/\/alisters-travel.com\/en\/#website\",\"url\":\"https:\/\/alisters-travel.com\/en\/\",\"name\":\"A-Listers Travel\",\"description\":\"\",\"publisher\":{\"@id\":\"https:\/\/alisters-travel.com\/en\/#organization\"},\"potentialAction\":[{\"@type\":\"SearchAction\",\"target\":{\"@type\":\"EntryPoint\",\"urlTemplate\":\"https:\/\/alisters-travel.com\/en\/?s={search_term_string}\"},\"query-input\":{\"@type\":\"PropertyValueSpecification\",\"valueRequired\":true,\"valueName\":\"search_term_string\"}}],\"inLanguage\":\"en-US\"},{\"@type\":\"Organization\",\"@id\":\"https:\/\/alisters-travel.com\/en\/#organization\",\"name\":\"A-Listers Travel\",\"url\":\"https:\/\/alisters-travel.com\/en\/\",\"logo\":{\"@type\":\"ImageObject\",\"inLanguage\":\"en-US\",\"@id\":\"https:\/\/alisters-travel.com\/en\/#\/schema\/logo\/image\/\",\"url\":\"https:\/\/alisters-travel.com\/wp-content\/uploads\/2021\/11\/logo-alister-travel-min.png\",\"contentUrl\":\"https:\/\/alisters-travel.com\/wp-content\/uploads\/2021\/11\/logo-alister-travel-min.png\",\"width\":600,\"height\":334,\"caption\":\"A-Listers Travel\"},\"image\":{\"@id\":\"https:\/\/alisters-travel.com\/en\/#\/schema\/logo\/image\/\"}}]}<\/script>\n<!-- \/ Yoast SEO plugin. -->","yoast_head_json":{"title":"Aldiana Club Hochk\u00f6nig 4* - A-Listers Travel","description":"Aldiana Club Hochk\u00f6nig 4*. 7 nights stay in double room Family, half board plus included. From 1.740 EUR \/ person, in double room occupancy","robots":{"index":"index","follow":"follow","max-snippet":"max-snippet:-1","max-image-preview":"max-image-preview:large","max-video-preview":"max-video-preview:-1"},"canonical":"https:\/\/alisters-travel.com\/en\/hotels\/aldiana-club-hochkonig-4\/","og_locale":"en_US","og_type":"article","og_title":"Aldiana Club Hochk\u00f6nig 4* - A-Listers Travel","og_description":"Aldiana Club Hochk\u00f6nig 4*. 7 nights stay in double room Family, half board plus included. From 1.740 EUR \/ person, in double room occupancy","og_url":"https:\/\/alisters-travel.com\/en\/hotels\/aldiana-club-hochkonig-4\/","og_site_name":"A-Listers Travel","article_modified_time":"2026-01-15T13:43:44+00:00","og_image":[{"width":800,"height":533,"url":"https:\/\/alisters-travel.com\/wp-content\/uploads\/1.Aldiana_Club_Hochkonig-min.jpg","type":"image\/jpeg"}],"twitter_card":"summary_large_image","twitter_misc":{"Est. reading time":"2 minutes"},"schema":{"@context":"https:\/\/schema.org","@graph":[{"@type":"WebPage","@id":"https:\/\/alisters-travel.com\/en\/hotels\/aldiana-club-hochkonig-4\/","url":"https:\/\/alisters-travel.com\/en\/hotels\/aldiana-club-hochkonig-4\/","name":"Aldiana Club Hochk\u00f6nig 4* - A-Listers Travel","isPartOf":{"@id":"https:\/\/alisters-travel.com\/en\/#website"},"primaryImageOfPage":{"@id":"https:\/\/alisters-travel.com\/en\/hotels\/aldiana-club-hochkonig-4\/#primaryimage"},"image":{"@id":"https:\/\/alisters-travel.com\/en\/hotels\/aldiana-club-hochkonig-4\/#primaryimage"},"thumbnailUrl":"https:\/\/alisters-travel.com\/wp-content\/uploads\/1.Aldiana_Club_Hochkonig-min.jpg","datePublished":"2022-12-30T08:28:29+00:00","dateModified":"2026-01-15T13:43:44+00:00","description":"Aldiana Club Hochk\u00f6nig 4*. 7 nights stay in double room Family, half board plus included. From 1.740 EUR \/ person, in double room occupancy","breadcrumb":{"@id":"https:\/\/alisters-travel.com\/en\/hotels\/aldiana-club-hochkonig-4\/#breadcrumb"},"inLanguage":"en-US","potentialAction":[{"@type":"ReadAction","target":["https:\/\/alisters-travel.com\/en\/hotels\/aldiana-club-hochkonig-4\/"]}]},{"@type":"ImageObject","inLanguage":"en-US","@id":"https:\/\/alisters-travel.com\/en\/hotels\/aldiana-club-hochkonig-4\/#primaryimage","url":"https:\/\/alisters-travel.com\/wp-content\/uploads\/1.Aldiana_Club_Hochkonig-min.jpg","contentUrl":"https:\/\/alisters-travel.com\/wp-content\/uploads\/1.Aldiana_Club_Hochkonig-min.jpg","width":800,"height":533,"caption":"Aldiana Club Hochk\u00f6nig 4 *"},{"@type":"BreadcrumbList","@id":"https:\/\/alisters-travel.com\/en\/hotels\/aldiana-club-hochkonig-4\/#breadcrumb","itemListElement":[{"@type":"ListItem","position":1,"name":"Home","item":"https:\/\/alisters-travel.com\/en\/"},{"@type":"ListItem","position":2,"name":"Hoteluri","item":"https:\/\/alisters-travel.com\/en\/hotels\/"},{"@type":"ListItem","position":3,"name":"Aldiana Club Hochk\u00f6nig 4*"}]},{"@type":"WebSite","@id":"https:\/\/alisters-travel.com\/en\/#website","url":"https:\/\/alisters-travel.com\/en\/","name":"A-Listers Travel","description":"","publisher":{"@id":"https:\/\/alisters-travel.com\/en\/#organization"},"potentialAction":[{"@type":"SearchAction","target":{"@type":"EntryPoint","urlTemplate":"https:\/\/alisters-travel.com\/en\/?s={search_term_string}"},"query-input":{"@type":"PropertyValueSpecification","valueRequired":true,"valueName":"search_term_string"}}],"inLanguage":"en-US"},{"@type":"Organization","@id":"https:\/\/alisters-travel.com\/en\/#organization","name":"A-Listers Travel","url":"https:\/\/alisters-travel.com\/en\/","logo":{"@type":"ImageObject","inLanguage":"en-US","@id":"https:\/\/alisters-travel.com\/en\/#\/schema\/logo\/image\/","url":"https:\/\/alisters-travel.com\/wp-content\/uploads\/2021\/11\/logo-alister-travel-min.png","contentUrl":"https:\/\/alisters-travel.com\/wp-content\/uploads\/2021\/11\/logo-alister-travel-min.png","width":600,"height":334,"caption":"A-Listers Travel"},"image":{"@id":"https:\/\/alisters-travel.com\/en\/#\/schema\/logo\/image\/"}}]}},"_links":{"self":[{"href":"https:\/\/alisters-travel.com\/en\/wp-json\/wp\/v2\/product\/12140","targetHints":{"allow":["GET"]}}],"collection":[{"href":"https:\/\/alisters-travel.com\/en\/wp-json\/wp\/v2\/product"}],"about":[{"href":"https:\/\/alisters-travel.com\/en\/wp-json\/wp\/v2\/types\/product"}],"wp:featuredmedia":[{"embeddable":true,"href":"https:\/\/alisters-travel.com\/en\/wp-json\/wp\/v2\/media\/12119"}],"wp:attachment":[{"href":"https:\/\/alisters-travel.com\/en\/wp-json\/wp\/v2\/media?parent=12140"}],"wp:term":[{"taxonomy":"product_brand","embeddable":true,"href":"https:\/\/alisters-travel.com\/en\/wp-json\/wp\/v2\/product_brand?post=12140"},{"taxonomy":"product_cat","embeddable":true,"href":"https:\/\/alisters-travel.com\/en\/wp-json\/wp\/v2\/product_cat?post=12140"},{"taxonomy":"product_tag","embeddable":true,"href":"https:\/\/alisters-travel.com\/en\/wp-json\/wp\/v2\/product_tag?post=12140"}],"curies":[{"name":"wp","href":"https:\/\/api.w.org\/{rel}","templated":true}]}}