{"id":22510,"date":"2025-02-27T16:09:22","date_gmt":"2025-02-27T14:09:22","guid":{"rendered":"https:\/\/alisters-travel.com\/hoteluri\/hotel-la-sivoliere\/"},"modified":"2025-02-27T16:18:11","modified_gmt":"2025-02-27T14:18:11","slug":"hotel-la-sivoliere","status":"publish","type":"product","link":"https:\/\/alisters-travel.com\/en\/hotels\/hotel-la-sivoliere\/","title":{"rendered":"H\u00f4tel La Sivoli\u00e8re 5*"},"content":{"rendered":"<p>As one of the world\u2019s most well-known ski resorts, Courchevel needs no introduction. Looking down over the other four villages in this famous Savoie valley, Courchevel 1850 symbolises excellence \u00e0 la fran\u00e7aise in the heart of Les Trois Vall\u00e9es. There\u2019s something for everyone here: open to all ages and all skill levels, Courchevel\u2019s welcoming atmosphere and its location in the world\u2019s largest ski area makes it the perfect family destination. Just like La Sivoli\u00e8re.<\/p>\n<table class=\"tours-tabs_table\">\n<tbody>\n<tr>\n<td><strong>LOCATION<\/strong><\/td>\n<td>Courchevel, France<\/td>\n<\/tr>\n<tr>\n<td><strong>OFFER<\/strong><\/td>\n<td>7 nights stay in twin prestige room, breakfast included<\/td>\n<\/tr>\n<tr>\n<td><strong>PRICE<\/strong><\/td>\n<td><strong>from 4000 EUR \/ person, in twin prestige room occupancy<\/strong><br \/>\n<strong><span style=\"color: #8c4194;\">Valid for stays from 01.03.2025- 30.11.2025<\/span><\/strong><\/td>\n<\/tr>\n<tr>\n<td><img loading=\"lazy\" decoding=\"async\" class=\"alignnone size-full wp-image-6769\" src=\"https:\/\/alisters-travel.com\/wp-content\/uploads\/alistersBullet-min-1.png\" alt=\"\" width=\"56\" height=\"69\" \/><\/td>\n<td>International round trip flight Bucharest- Lyon starting from 130 EUR \/person, including taxes<\/td>\n<\/tr>\n<\/tbody>\n<\/table>\n<p>A genuine holiday home where you can re-centre yourself and recharge your batteries in an atmosphere of pure enjoyment. A perfect blend of excellence and sincere hospitality, La Sivoli\u00e8re\u2019s personalised service \u00e0 la fran\u00e7aise sets it apart from the other five-star hotels at Courchevel 1850.<\/p>\n<p>When you arrive, you\u2019ll no doubt be in a hurry to get out and hit the slopes of Les Trois Vall\u00e9es. Head to the ski room to put on all your equipment, then ski right out onto the Dou du Midi slope just outside the bay window.<\/p>\n<p>After a \u201ctough\u201d day of skiing, come home to the comforting warmth of a real contemporary chalet, where La Sivoli\u00e8re offers a warming snack of hot chocolate and home-made cr\u00eapes. Why not enjoy a massage, a hammam session or a spa treatment? They\u2019re all great ways to whet your appetite for exploring our restaurant La Table de Madame.<\/p>\n","protected":false},"excerpt":{"rendered":"<p>Accommodation in twin prestige room, breakfast included<\/p>\n","protected":false},"featured_media":22494,"template":"","meta":{"_acf_changed":false},"product_brand":[],"product_cat":[67,424],"product_tag":[],"class_list":{"0":"post-22510","1":"product","2":"type-product","3":"status-publish","4":"has-post-thumbnail","6":"product_cat-europe","7":"product_cat-france","9":"first","10":"instock","11":"featured","12":"shipping-taxable","13":"purchasable","14":"product-type-simple"},"acf":[],"yoast_head":"<!-- This site is optimized with the Yoast SEO plugin v26.6 - https:\/\/yoast.com\/wordpress\/plugins\/seo\/ -->\n<title>H\u00f4tel La Sivoli\u00e8re 5* - A-Listers Travel<\/title>\n<meta name=\"description\" content=\"H\u00f4tel La Sivoli\u00e8re 5*. 7 nights stay in twin prestige room, breakfast included. From 4000 EUR \/ person, in twin prestige room occupancy\" \/>\n<meta name=\"robots\" content=\"index, follow, max-snippet:-1, max-image-preview:large, max-video-preview:-1\" \/>\n<link rel=\"canonical\" href=\"https:\/\/alisters-travel.com\/en\/hotels\/hotel-la-sivoliere\/\" \/>\n<meta property=\"og:locale\" content=\"en_US\" \/>\n<meta property=\"og:type\" content=\"article\" \/>\n<meta property=\"og:title\" content=\"H\u00f4tel La Sivoli\u00e8re 5* - A-Listers Travel\" \/>\n<meta property=\"og:description\" content=\"H\u00f4tel La Sivoli\u00e8re 5*. 7 nights stay in twin prestige room, breakfast included. From 4000 EUR \/ person, in twin prestige room occupancy\" \/>\n<meta property=\"og:url\" content=\"https:\/\/alisters-travel.com\/en\/hotels\/hotel-la-sivoliere\/\" \/>\n<meta property=\"og:site_name\" content=\"A-Listers Travel\" \/>\n<meta property=\"article:modified_time\" content=\"2025-02-27T14:18:11+00:00\" \/>\n<meta property=\"og:image\" content=\"https:\/\/alisters-travel.com\/wp-content\/uploads\/01.la-sivoliere.jpg\" \/>\n\t<meta property=\"og:image:width\" content=\"806\" \/>\n\t<meta property=\"og:image:height\" content=\"533\" \/>\n\t<meta property=\"og:image:type\" content=\"image\/jpeg\" \/>\n<meta name=\"twitter:card\" content=\"summary_large_image\" \/>\n<meta name=\"twitter:label1\" content=\"Est. reading time\" \/>\n\t<meta name=\"twitter:data1\" content=\"2 minutes\" \/>\n<script type=\"application\/ld+json\" class=\"yoast-schema-graph\">{\"@context\":\"https:\/\/schema.org\",\"@graph\":[{\"@type\":\"WebPage\",\"@id\":\"https:\/\/alisters-travel.com\/en\/hotels\/hotel-la-sivoliere\/\",\"url\":\"https:\/\/alisters-travel.com\/en\/hotels\/hotel-la-sivoliere\/\",\"name\":\"H\u00f4tel La Sivoli\u00e8re 5* - A-Listers Travel\",\"isPartOf\":{\"@id\":\"https:\/\/alisters-travel.com\/en\/#website\"},\"primaryImageOfPage\":{\"@id\":\"https:\/\/alisters-travel.com\/en\/hotels\/hotel-la-sivoliere\/#primaryimage\"},\"image\":{\"@id\":\"https:\/\/alisters-travel.com\/en\/hotels\/hotel-la-sivoliere\/#primaryimage\"},\"thumbnailUrl\":\"https:\/\/alisters-travel.com\/wp-content\/uploads\/01.la-sivoliere.jpg\",\"datePublished\":\"2025-02-27T14:09:22+00:00\",\"dateModified\":\"2025-02-27T14:18:11+00:00\",\"description\":\"H\u00f4tel La Sivoli\u00e8re 5*. 7 nights stay in twin prestige room, breakfast included. From 4000 EUR \/ person, in twin prestige room occupancy\",\"breadcrumb\":{\"@id\":\"https:\/\/alisters-travel.com\/en\/hotels\/hotel-la-sivoliere\/#breadcrumb\"},\"inLanguage\":\"en-US\",\"potentialAction\":[{\"@type\":\"ReadAction\",\"target\":[\"https:\/\/alisters-travel.com\/en\/hotels\/hotel-la-sivoliere\/\"]}]},{\"@type\":\"ImageObject\",\"inLanguage\":\"en-US\",\"@id\":\"https:\/\/alisters-travel.com\/en\/hotels\/hotel-la-sivoliere\/#primaryimage\",\"url\":\"https:\/\/alisters-travel.com\/wp-content\/uploads\/01.la-sivoliere.jpg\",\"contentUrl\":\"https:\/\/alisters-travel.com\/wp-content\/uploads\/01.la-sivoliere.jpg\",\"width\":806,\"height\":533,\"caption\":\"H\u00f4tel La Sivoli\u00e8re 5*\"},{\"@type\":\"BreadcrumbList\",\"@id\":\"https:\/\/alisters-travel.com\/en\/hotels\/hotel-la-sivoliere\/#breadcrumb\",\"itemListElement\":[{\"@type\":\"ListItem\",\"position\":1,\"name\":\"Home\",\"item\":\"https:\/\/alisters-travel.com\/en\/\"},{\"@type\":\"ListItem\",\"position\":2,\"name\":\"Hoteluri\",\"item\":\"https:\/\/alisters-travel.com\/en\/hotels\/\"},{\"@type\":\"ListItem\",\"position\":3,\"name\":\"H\u00f4tel La Sivoli\u00e8re 5*\"}]},{\"@type\":\"WebSite\",\"@id\":\"https:\/\/alisters-travel.com\/en\/#website\",\"url\":\"https:\/\/alisters-travel.com\/en\/\",\"name\":\"A-Listers Travel\",\"description\":\"\",\"publisher\":{\"@id\":\"https:\/\/alisters-travel.com\/en\/#organization\"},\"potentialAction\":[{\"@type\":\"SearchAction\",\"target\":{\"@type\":\"EntryPoint\",\"urlTemplate\":\"https:\/\/alisters-travel.com\/en\/?s={search_term_string}\"},\"query-input\":{\"@type\":\"PropertyValueSpecification\",\"valueRequired\":true,\"valueName\":\"search_term_string\"}}],\"inLanguage\":\"en-US\"},{\"@type\":\"Organization\",\"@id\":\"https:\/\/alisters-travel.com\/en\/#organization\",\"name\":\"A-Listers Travel\",\"url\":\"https:\/\/alisters-travel.com\/en\/\",\"logo\":{\"@type\":\"ImageObject\",\"inLanguage\":\"en-US\",\"@id\":\"https:\/\/alisters-travel.com\/en\/#\/schema\/logo\/image\/\",\"url\":\"https:\/\/alisters-travel.com\/wp-content\/uploads\/2021\/11\/logo-alister-travel-min.png\",\"contentUrl\":\"https:\/\/alisters-travel.com\/wp-content\/uploads\/2021\/11\/logo-alister-travel-min.png\",\"width\":600,\"height\":334,\"caption\":\"A-Listers Travel\"},\"image\":{\"@id\":\"https:\/\/alisters-travel.com\/en\/#\/schema\/logo\/image\/\"}}]}<\/script>\n<!-- \/ Yoast SEO plugin. -->","yoast_head_json":{"title":"H\u00f4tel La Sivoli\u00e8re 5* - A-Listers Travel","description":"H\u00f4tel La Sivoli\u00e8re 5*. 7 nights stay in twin prestige room, breakfast included. From 4000 EUR \/ person, in twin prestige room occupancy","robots":{"index":"index","follow":"follow","max-snippet":"max-snippet:-1","max-image-preview":"max-image-preview:large","max-video-preview":"max-video-preview:-1"},"canonical":"https:\/\/alisters-travel.com\/en\/hotels\/hotel-la-sivoliere\/","og_locale":"en_US","og_type":"article","og_title":"H\u00f4tel La Sivoli\u00e8re 5* - A-Listers Travel","og_description":"H\u00f4tel La Sivoli\u00e8re 5*. 7 nights stay in twin prestige room, breakfast included. From 4000 EUR \/ person, in twin prestige room occupancy","og_url":"https:\/\/alisters-travel.com\/en\/hotels\/hotel-la-sivoliere\/","og_site_name":"A-Listers Travel","article_modified_time":"2025-02-27T14:18:11+00:00","og_image":[{"width":806,"height":533,"url":"https:\/\/alisters-travel.com\/wp-content\/uploads\/01.la-sivoliere.jpg","type":"image\/jpeg"}],"twitter_card":"summary_large_image","twitter_misc":{"Est. reading time":"2 minutes"},"schema":{"@context":"https:\/\/schema.org","@graph":[{"@type":"WebPage","@id":"https:\/\/alisters-travel.com\/en\/hotels\/hotel-la-sivoliere\/","url":"https:\/\/alisters-travel.com\/en\/hotels\/hotel-la-sivoliere\/","name":"H\u00f4tel La Sivoli\u00e8re 5* - A-Listers Travel","isPartOf":{"@id":"https:\/\/alisters-travel.com\/en\/#website"},"primaryImageOfPage":{"@id":"https:\/\/alisters-travel.com\/en\/hotels\/hotel-la-sivoliere\/#primaryimage"},"image":{"@id":"https:\/\/alisters-travel.com\/en\/hotels\/hotel-la-sivoliere\/#primaryimage"},"thumbnailUrl":"https:\/\/alisters-travel.com\/wp-content\/uploads\/01.la-sivoliere.jpg","datePublished":"2025-02-27T14:09:22+00:00","dateModified":"2025-02-27T14:18:11+00:00","description":"H\u00f4tel La Sivoli\u00e8re 5*. 7 nights stay in twin prestige room, breakfast included. From 4000 EUR \/ person, in twin prestige room occupancy","breadcrumb":{"@id":"https:\/\/alisters-travel.com\/en\/hotels\/hotel-la-sivoliere\/#breadcrumb"},"inLanguage":"en-US","potentialAction":[{"@type":"ReadAction","target":["https:\/\/alisters-travel.com\/en\/hotels\/hotel-la-sivoliere\/"]}]},{"@type":"ImageObject","inLanguage":"en-US","@id":"https:\/\/alisters-travel.com\/en\/hotels\/hotel-la-sivoliere\/#primaryimage","url":"https:\/\/alisters-travel.com\/wp-content\/uploads\/01.la-sivoliere.jpg","contentUrl":"https:\/\/alisters-travel.com\/wp-content\/uploads\/01.la-sivoliere.jpg","width":806,"height":533,"caption":"H\u00f4tel La Sivoli\u00e8re 5*"},{"@type":"BreadcrumbList","@id":"https:\/\/alisters-travel.com\/en\/hotels\/hotel-la-sivoliere\/#breadcrumb","itemListElement":[{"@type":"ListItem","position":1,"name":"Home","item":"https:\/\/alisters-travel.com\/en\/"},{"@type":"ListItem","position":2,"name":"Hoteluri","item":"https:\/\/alisters-travel.com\/en\/hotels\/"},{"@type":"ListItem","position":3,"name":"H\u00f4tel La Sivoli\u00e8re 5*"}]},{"@type":"WebSite","@id":"https:\/\/alisters-travel.com\/en\/#website","url":"https:\/\/alisters-travel.com\/en\/","name":"A-Listers Travel","description":"","publisher":{"@id":"https:\/\/alisters-travel.com\/en\/#organization"},"potentialAction":[{"@type":"SearchAction","target":{"@type":"EntryPoint","urlTemplate":"https:\/\/alisters-travel.com\/en\/?s={search_term_string}"},"query-input":{"@type":"PropertyValueSpecification","valueRequired":true,"valueName":"search_term_string"}}],"inLanguage":"en-US"},{"@type":"Organization","@id":"https:\/\/alisters-travel.com\/en\/#organization","name":"A-Listers Travel","url":"https:\/\/alisters-travel.com\/en\/","logo":{"@type":"ImageObject","inLanguage":"en-US","@id":"https:\/\/alisters-travel.com\/en\/#\/schema\/logo\/image\/","url":"https:\/\/alisters-travel.com\/wp-content\/uploads\/2021\/11\/logo-alister-travel-min.png","contentUrl":"https:\/\/alisters-travel.com\/wp-content\/uploads\/2021\/11\/logo-alister-travel-min.png","width":600,"height":334,"caption":"A-Listers Travel"},"image":{"@id":"https:\/\/alisters-travel.com\/en\/#\/schema\/logo\/image\/"}}]}},"_links":{"self":[{"href":"https:\/\/alisters-travel.com\/en\/wp-json\/wp\/v2\/product\/22510","targetHints":{"allow":["GET"]}}],"collection":[{"href":"https:\/\/alisters-travel.com\/en\/wp-json\/wp\/v2\/product"}],"about":[{"href":"https:\/\/alisters-travel.com\/en\/wp-json\/wp\/v2\/types\/product"}],"wp:featuredmedia":[{"embeddable":true,"href":"https:\/\/alisters-travel.com\/en\/wp-json\/wp\/v2\/media\/22494"}],"wp:attachment":[{"href":"https:\/\/alisters-travel.com\/en\/wp-json\/wp\/v2\/media?parent=22510"}],"wp:term":[{"taxonomy":"product_brand","embeddable":true,"href":"https:\/\/alisters-travel.com\/en\/wp-json\/wp\/v2\/product_brand?post=22510"},{"taxonomy":"product_cat","embeddable":true,"href":"https:\/\/alisters-travel.com\/en\/wp-json\/wp\/v2\/product_cat?post=22510"},{"taxonomy":"product_tag","embeddable":true,"href":"https:\/\/alisters-travel.com\/en\/wp-json\/wp\/v2\/product_tag?post=22510"}],"curies":[{"name":"wp","href":"https:\/\/api.w.org\/{rel}","templated":true}]}}